{"id":36717,"date":"2025-04-01T15:54:32","date_gmt":"2025-04-01T13:54:32","guid":{"rendered":"https:\/\/casabrasileira.ch\/?post_type=product&#038;p=36717"},"modified":"2025-04-01T15:55:19","modified_gmt":"2025-04-01T13:55:19","slug":"vale-de-prata-traditionelles-stangengeback-copia-2","status":"publish","type":"product","link":"https:\/\/casabrasileira.ch\/de\/produkt\/vale-de-prata-traditionelles-stangengeback-copia-2\/","title":{"rendered":"Vale de prata traditionelles Stangengeb\u00e4ck (c\u00f3pia)"},"content":{"rendered":"<dl class=\"mb-1 \">\n<dd>\n<dl>\n<dd class=\"p-1 w-25 d-inline-block text-right m-0 border-bottom\"><\/dd>\n<\/dl>\n<\/dd>\n<\/dl>\n<h2>Beschreibung<\/h2>\n<p>  Biscoito de polvilho vale do prata Verpackung 90gr ZUTATEN: St\u00e4rke, geh\u00e4rtetes Pflanzenfett, Kristallzucker, Eier, Molkenpulver, Sojamehl und raffiniertes Salz. GLUTENFREI. ENTH\u00c4LT LAKTOSE. ALLERGENE: ENTH\u00c4LT EIER, MILCH UND SOJABOHNEN. Casa Brasileira SANKT JAKOBSTR 53 8004 ZURICH +41433171787 Herkunft: Brasilien<\/p>\n","protected":false},"excerpt":{"rendered":"<p>Beschreibung Biscoito de polvilho vale do prata Verpackung 90gr ZUTATEN: St\u00e4rke, geh\u00e4rtetes Pflanzenfett, Kristallzucker, Eier, Molkenpulver, Sojamehl und raffiniertes Salz.<\/p>\n","protected":false},"featured_media":36719,"template":"","meta":[],"product_brand":[],"product_cat":[179],"product_tag":[],"class_list":{"0":"post-36717","1":"product","2":"type-product","3":"status-publish","4":"has-post-thumbnail","6":"product_cat-kekse","8":"first","9":"instock","10":"taxable","11":"shipping-taxable","12":"purchasable","13":"product-type-simple"},"_links":{"self":[{"href":"https:\/\/casabrasileira.ch\/de\/wp-json\/wp\/v2\/product\/36717","targetHints":{"allow":["GET"]}}],"collection":[{"href":"https:\/\/casabrasileira.ch\/de\/wp-json\/wp\/v2\/product"}],"about":[{"href":"https:\/\/casabrasileira.ch\/de\/wp-json\/wp\/v2\/types\/product"}],"version-history":[{"count":1,"href":"https:\/\/casabrasileira.ch\/de\/wp-json\/wp\/v2\/product\/36717\/revisions"}],"predecessor-version":[{"id":36720,"href":"https:\/\/casabrasileira.ch\/de\/wp-json\/wp\/v2\/product\/36717\/revisions\/36720"}],"wp:featuredmedia":[{"embeddable":true,"href":"https:\/\/casabrasileira.ch\/de\/wp-json\/wp\/v2\/media\/36719"}],"wp:attachment":[{"href":"https:\/\/casabrasileira.ch\/de\/wp-json\/wp\/v2\/media?parent=36717"}],"wp:term":[{"taxonomy":"product_brand","embeddable":true,"href":"https:\/\/casabrasileira.ch\/de\/wp-json\/wp\/v2\/product_brand?post=36717"},{"taxonomy":"product_cat","embeddable":true,"href":"https:\/\/casabrasileira.ch\/de\/wp-json\/wp\/v2\/product_cat?post=36717"},{"taxonomy":"product_tag","embeddable":true,"href":"https:\/\/casabrasileira.ch\/de\/wp-json\/wp\/v2\/product_tag?post=36717"}],"curies":[{"name":"wp","href":"https:\/\/api.w.org\/{rel}","templated":true}]}}