{"id":34691,"date":"2024-12-09T17:24:57","date_gmt":"2024-12-09T16:24:57","guid":{"rendered":"https:\/\/casabrasileira.ch\/?post_type=product&#038;p=34691"},"modified":"2024-12-09T17:27:05","modified_gmt":"2024-12-09T16:27:05","slug":"tabajara-nicht-transgene-maisflocken-copia-copia-copia-copia-copia-copia-copia-copia-copia-copia-copia-copia-copia-copia-copia-copia-copia-copia-copia-copia-c-91","status":"publish","type":"product","link":"https:\/\/casabrasileira.ch\/de\/produkt\/tabajara-nicht-transgene-maisflocken-copia-copia-copia-copia-copia-copia-copia-copia-copia-copia-copia-copia-copia-copia-copia-copia-copia-copia-copia-copia-c-91\/","title":{"rendered":"TABAJARA Nicht-transgene Maisflocken, (c\u00f3pia) (c\u00f3pia) (c\u00f3pia) (c\u00f3pia) (c\u00f3pia) (c\u00f3pia) (c\u00f3pia) (c\u00f3pia) (c\u00f3pia) (c\u00f3pia) (c\u00f3pia) (c\u00f3pia) (c\u00f3pia) (c\u00f3pia) (c\u00f3pia) (c\u00f3pia) (c\u00f3pia) (c\u00f3pia) (c\u00f3pia) (c\u00f3pia) (c\u00f3pia) (c\u00f3pia) (c\u00f3pia) (c\u00f3pia) (c\u00f3pia) (c\u00f3pia) (c\u00f3pia) (c\u00f3pia) (c\u00f3pia) (c\u00f3pia) (c\u00f3pia) (c\u00f3pia) (c\u00f3pia) (c\u00f3pia) (c\u00f3pia) (c\u00f3pia) (c\u00f3pia) (c\u00f3pia) (c\u00f3pia) (c\u00f3pia) (c\u00f3pia) (c\u00f3pia) (c\u00f3pia) (c\u00f3pia) (c\u00f3pia) (c\u00f3pia) (c\u00f3pia) (c\u00f3pia) (c\u00f3pia) (c\u00f3pia) (c\u00f3pia) (c\u00f3pia) (c\u00f3pia) (c\u00f3pia) (c\u00f3pia) (c\u00f3pia) (c\u00f3pia) (c\u00f3pia) (c\u00f3pia) (c\u00f3pia) (c\u00f3pia) (c\u00f3pia) (c\u00f3pia) (c\u00f3pia) (c\u00f3pia) (c\u00f3pia) (c\u00f3pia) (c\u00f3pia) (c\u00f3pia) (c\u00f3pia) (c\u00f3pia) (c\u00f3pia) (c\u00f3pia) (c\u00f3pia) (c\u00f3pia) (c\u00f3pia) (c\u00f3pia) (c\u00f3pia) (c\u00f3pia) (c\u00f3pia) (c\u00f3pia) (c\u00f3pia) (c\u00f3pia) (c\u00f3pia) (c\u00f3pia) (c\u00f3pia) (c\u00f3pia) (c\u00f3pia) (c\u00f3pia) (c\u00f3pia) (c\u00f3pia) (c\u00f3pia) (c\u00f3pia) (c\u00f3pia) (c\u00f3pia) (c\u00f3pia) (c\u00f3pia) (c\u00f3pia) (c\u00f3pia) (c\u00f3pia) (c\u00f3pia) (c\u00f3pia)"},"content":{"rendered":"<div id=\"customfield-accordion-left\" class=\"accordion customfields left pl-3 pl-md-0 mb-3\">\n<dl class=\"mb-1 \">\n<dd>\n<dl>\n<dt class=\"pt-1 pr-1 pb-1 w-75 d-inline-block float-left font-weight-normal border-bottom\">Grobe Cornflakes aus Brasilien, die sich besonders gut f\u00fcr die Zubereitung von Couscous aus dem Nordosten eignen. Couscous aus dem Nordosten Brasiliens ist besonders beliebt und hat seinen Ursprung in der nordafrikanischen K\u00fcche. Couscous wird nicht gekocht, sondern in einer Sch\u00fcssel oder in einem speziellen Auflauf (cuscuzeira) ged\u00e4mpft.<\/dt>\n<dt class=\"pt-1 pr-1 pb-1 w-75 d-inline-block float-left font-weight-normal border-bottom\">Zutaten: More-Flocken. Ohne GVO.<\/dt>\n<dt class=\"pt-1 pr-1 pb-1 w-75 d-inline-block float-left font-weight-normal border-bottom\"><strong>Durchschnittlicher N\u00e4hrwert pro 100 g \/ ml<\/strong>\n<\/dt>\n<dl>\n<dt class=\"pt-1 pr-1 pb-1 w-75 d-inline-block float-left font-weight-normal border-bottom\">Brennwert:<\/dt>\n<dd class=\"p-1 w-25 d-inline-block text-right m-0 border-bottom\">360 kcal<\/dd>\n<dt class=\"pt-1 pr-1 pb-1 w-75 d-inline-block float-left font-weight-normal border-bottom\">Brennwert:<\/dt>\n<dd class=\"p-1 w-25 d-inline-block text-right m-0 border-bottom\">1512 kj<\/dd>\n<dt class=\"pt-1 pr-1 pb-1 w-75 d-inline-block float-left font-weight-normal\">Kohlenhydrate:<\/dt>\n<dd class=\"p-1 w-25 d-inline-block text-right m-0\">80 g<\/dd>\n<dt class=\"pt-1 pr-1 pb-1 w-75 d-inline-block float-left font-weight-normal border-bottom\">Eiwei\u00df:<\/dt>\n<dd class=\"p-1 w-25 d-inline-block text-right m-0 border-bottom\">8.2 g<\/dd>\n<\/dl>\n<\/dl>\n<\/dd>\n<\/dl>\n<\/div>\n<p>  DISTRIBUTOR -CASA BRASILEIRA GmbH SANKT JAKOBSTR 53 8004 ZURICH +41433171787 Herkunft: Brasilien<\/p>\n","protected":false},"excerpt":{"rendered":"<p>Grobe Cornflakes aus Brasilien, die sich besonders gut f\u00fcr die Zubereitung von Couscous aus dem Nordosten eignen. Couscous aus dem<\/p>\n","protected":false},"featured_media":34689,"template":"","meta":[],"product_brand":[],"product_cat":[],"product_tag":[],"class_list":{"0":"post-34691","1":"product","2":"type-product","3":"status-publish","4":"has-post-thumbnail","7":"first","8":"instock","9":"sale","10":"taxable","11":"shipping-taxable","12":"purchasable","13":"product-type-simple"},"_links":{"self":[{"href":"https:\/\/casabrasileira.ch\/de\/wp-json\/wp\/v2\/product\/34691","targetHints":{"allow":["GET"]}}],"collection":[{"href":"https:\/\/casabrasileira.ch\/de\/wp-json\/wp\/v2\/product"}],"about":[{"href":"https:\/\/casabrasileira.ch\/de\/wp-json\/wp\/v2\/types\/product"}],"version-history":[{"count":1,"href":"https:\/\/casabrasileira.ch\/de\/wp-json\/wp\/v2\/product\/34691\/revisions"}],"predecessor-version":[{"id":34692,"href":"https:\/\/casabrasileira.ch\/de\/wp-json\/wp\/v2\/product\/34691\/revisions\/34692"}],"wp:featuredmedia":[{"embeddable":true,"href":"https:\/\/casabrasileira.ch\/de\/wp-json\/wp\/v2\/media\/34689"}],"wp:attachment":[{"href":"https:\/\/casabrasileira.ch\/de\/wp-json\/wp\/v2\/media?parent=34691"}],"wp:term":[{"taxonomy":"product_brand","embeddable":true,"href":"https:\/\/casabrasileira.ch\/de\/wp-json\/wp\/v2\/product_brand?post=34691"},{"taxonomy":"product_cat","embeddable":true,"href":"https:\/\/casabrasileira.ch\/de\/wp-json\/wp\/v2\/product_cat?post=34691"},{"taxonomy":"product_tag","embeddable":true,"href":"https:\/\/casabrasileira.ch\/de\/wp-json\/wp\/v2\/product_tag?post=34691"}],"curies":[{"name":"wp","href":"https:\/\/api.w.org\/{rel}","templated":true}]}}