{"id":29984,"date":"2024-08-24T13:03:56","date_gmt":"2024-08-24T11:03:56","guid":{"rendered":"https:\/\/casabrasileira.ch\/?post_type=product&#038;p=29984"},"modified":"2024-08-24T13:04:09","modified_gmt":"2024-08-24T11:04:09","slug":"aritana-popcorn-sus-40g-copia-copia-copia-copia-copia-copia-copia-copia-copia-copia-copia-copia-copia-copia-copia-copia-copia-copia-copia-copia-copia-copia-103","status":"publish","type":"product","link":"https:\/\/casabrasileira.ch\/de\/produkt\/aritana-popcorn-sus-40g-copia-copia-copia-copia-copia-copia-copia-copia-copia-copia-copia-copia-copia-copia-copia-copia-copia-copia-copia-copia-copia-copia-103\/","title":{"rendered":"Aritana Popcorn s\u00fc\u00df 40G (c\u00f3pia) (c\u00f3pia) (c\u00f3pia) (c\u00f3pia) (c\u00f3pia) (c\u00f3pia) (c\u00f3pia) (c\u00f3pia) (c\u00f3pia) (c\u00f3pia) (c\u00f3pia) (c\u00f3pia) (c\u00f3pia) (c\u00f3pia) (c\u00f3pia) (c\u00f3pia) (c\u00f3pia) (c\u00f3pia) (c\u00f3pia) (c\u00f3pia) (c\u00f3pia) (c\u00f3pia) (c\u00f3pia) (c\u00f3pia) (c\u00f3pia) (c\u00f3pia) (c\u00f3pia) (c\u00f3pia) (c\u00f3pia) (c\u00f3pia) (c\u00f3pia) (c\u00f3pia) (c\u00f3pia) (c\u00f3pia) (c\u00f3pia) (c\u00f3pia) (c\u00f3pia) (c\u00f3pia) (c\u00f3pia) (c\u00f3pia) (c\u00f3pia) (c\u00f3pia) (c\u00f3pia) (c\u00f3pia) (c\u00f3pia) (c\u00f3pia) (c\u00f3pia) (c\u00f3pia) (c\u00f3pia) (c\u00f3pia) (c\u00f3pia) (c\u00f3pia) (c\u00f3pia) (c\u00f3pia) (c\u00f3pia) (c\u00f3pia) (c\u00f3pia) (c\u00f3pia) (c\u00f3pia) (c\u00f3pia) (c\u00f3pia) (c\u00f3pia) (c\u00f3pia) (c\u00f3pia) (c\u00f3pia) (c\u00f3pia) (c\u00f3pia) (c\u00f3pia) (c\u00f3pia) (c\u00f3pia) (c\u00f3pia) (c\u00f3pia) (c\u00f3pia) (c\u00f3pia) (c\u00f3pia) (c\u00f3pia) (c\u00f3pia) (c\u00f3pia) (c\u00f3pia) (c\u00f3pia) (c\u00f3pia) (c\u00f3pia) (c\u00f3pia) (c\u00f3pia) (c\u00f3pia) (c\u00f3pia) (c\u00f3pia) (c\u00f3pia) (c\u00f3pia) (c\u00f3pia) (c\u00f3pia) (c\u00f3pia) (c\u00f3pia) (c\u00f3pia) (c\u00f3pia) (c\u00f3pia) (c\u00f3pia) (c\u00f3pia) (c\u00f3pia) (c\u00f3pia) (c\u00f3pia) (c\u00f3pia) (c\u00f3pia) (c\u00f3pia) (c\u00f3pia) (c\u00f3pia) (c\u00f3pia) (c\u00f3pia) (c\u00f3pia) (c\u00f3pia) (c\u00f3pia) (c\u00f3pia) (c\u00f3pia) (c\u00f3pia) (c\u00f3pia) (c\u00f3pia) (c\u00f3pia) (c\u00f3pia) (c\u00f3pia) (c\u00f3pia) (c\u00f3pia) (c\u00f3pia)"},"content":{"rendered":"<dl class=\"mb-1 \">\n<dd>\n<dl>\n<dd class=\"p-1 w-25 d-inline-block text-right m-0 border-bottom\"><\/dd>\n<\/dl>\n<\/dd>\n<\/dl>\n<dl>\n<dd>\n<dl>\n<dd>\n<dl>\n<dd class=\"p-1 w-25 d-inline-block text-right m-0 border-bottom\">\n<dl><\/dl>\n<\/dd>\n<\/dl>\n<\/dd>\n<\/dl>\n<\/dd>\n<\/dl>\n<dl>\n<dd class=\"p-1 w-25 d-inline-block text-right m-0 border-bottom\">\n<dl>\n<dt class=\"pt-1 pr-1 pb-1 w-75 d-inline-block float-left font-weight-normal border-bottom\">\n<\/dt>\n<dl>\n<dd class=\"p-1 w-25 d-inline-block text-right m-0 border-bottom\"><\/dd>\n<\/dl>\n<\/dl>\n<\/dd>\n<\/dl>\n<dl>\n<dd>\n<dl>\n<dd class=\"p-1 w-25 d-inline-block text-right m-0 border-bottom\"><\/dd>\n<\/dl>\n<\/dd>\n<\/dl>\n<p>&nbsp;  SANKT JAKOBSTR 53 8004 Z\u00dcRICH +41433171787 Herkunft: Brasilien<\/p>\n","protected":false},"excerpt":{"rendered":"<p>&nbsp; SANKT JAKOBSTR 53 8004 Z\u00dcRICH +41433171787 Herkunft: Brasilien<\/p>\n","protected":false},"featured_media":30936,"template":"","meta":[],"product_brand":[],"product_cat":[],"product_tag":[],"class_list":{"0":"post-29984","1":"product","2":"type-product","3":"status-publish","4":"has-post-thumbnail","7":"first","8":"instock","9":"taxable","10":"shipping-taxable","11":"purchasable","12":"product-type-simple"},"_links":{"self":[{"href":"https:\/\/casabrasileira.ch\/de\/wp-json\/wp\/v2\/product\/29984","targetHints":{"allow":["GET"]}}],"collection":[{"href":"https:\/\/casabrasileira.ch\/de\/wp-json\/wp\/v2\/product"}],"about":[{"href":"https:\/\/casabrasileira.ch\/de\/wp-json\/wp\/v2\/types\/product"}],"version-history":[{"count":1,"href":"https:\/\/casabrasileira.ch\/de\/wp-json\/wp\/v2\/product\/29984\/revisions"}],"predecessor-version":[{"id":29985,"href":"https:\/\/casabrasileira.ch\/de\/wp-json\/wp\/v2\/product\/29984\/revisions\/29985"}],"wp:featuredmedia":[{"embeddable":true,"href":"https:\/\/casabrasileira.ch\/de\/wp-json\/wp\/v2\/media\/30936"}],"wp:attachment":[{"href":"https:\/\/casabrasileira.ch\/de\/wp-json\/wp\/v2\/media?parent=29984"}],"wp:term":[{"taxonomy":"product_brand","embeddable":true,"href":"https:\/\/casabrasileira.ch\/de\/wp-json\/wp\/v2\/product_brand?post=29984"},{"taxonomy":"product_cat","embeddable":true,"href":"https:\/\/casabrasileira.ch\/de\/wp-json\/wp\/v2\/product_cat?post=29984"},{"taxonomy":"product_tag","embeddable":true,"href":"https:\/\/casabrasileira.ch\/de\/wp-json\/wp\/v2\/product_tag?post=29984"}],"curies":[{"name":"wp","href":"https:\/\/api.w.org\/{rel}","templated":true}]}}