{"id":29539,"date":"2024-08-23T20:11:08","date_gmt":"2024-08-23T18:11:08","guid":{"rendered":"https:\/\/casabrasileira.ch\/?post_type=product&#038;p=29539"},"modified":"2024-08-23T20:12:53","modified_gmt":"2024-08-23T18:12:53","slug":"aritana-popcorn-sus-40g-copia-copia-copia-copia-copia-copia-copia-copia-copia-copia-copia-copia-copia-copia-copia-copia-copia-copia-copia-copia-copia-copia-28","status":"publish","type":"product","link":"https:\/\/casabrasileira.ch\/de\/produkt\/aritana-popcorn-sus-40g-copia-copia-copia-copia-copia-copia-copia-copia-copia-copia-copia-copia-copia-copia-copia-copia-copia-copia-copia-copia-copia-copia-28\/","title":{"rendered":"Aritana Popcorn s\u00fc\u00df 40G (c\u00f3pia) (c\u00f3pia) (c\u00f3pia) (c\u00f3pia) (c\u00f3pia) (c\u00f3pia) (c\u00f3pia) (c\u00f3pia) (c\u00f3pia) (c\u00f3pia) (c\u00f3pia) (c\u00f3pia) (c\u00f3pia) (c\u00f3pia) (c\u00f3pia) (c\u00f3pia) (c\u00f3pia) (c\u00f3pia) (c\u00f3pia) (c\u00f3pia) (c\u00f3pia) (c\u00f3pia) (c\u00f3pia) (c\u00f3pia) (c\u00f3pia) (c\u00f3pia) (c\u00f3pia) (c\u00f3pia) (c\u00f3pia) (c\u00f3pia) (c\u00f3pia) (c\u00f3pia) (c\u00f3pia) (c\u00f3pia) (c\u00f3pia) (c\u00f3pia) (c\u00f3pia) (c\u00f3pia) (c\u00f3pia) (c\u00f3pia) (c\u00f3pia) (c\u00f3pia) (c\u00f3pia) (c\u00f3pia) (c\u00f3pia) (c\u00f3pia) (c\u00f3pia) (c\u00f3pia) (c\u00f3pia)"},"content":{"rendered":"<dl class=\"mb-1 \">\n<dd>\n<dl>\n<dd class=\"p-1 w-25 d-inline-block text-right m-0 border-bottom\"><\/dd>\n<\/dl>\n<\/dd>\n<\/dl>\n<dl>\n<dd>\n<dl>\n<dd>\n<dl>\n<dd class=\"p-1 w-25 d-inline-block text-right m-0 border-bottom\">\n<dl><\/dl>\n<\/dd>\n<\/dl>\n<\/dd>\n<\/dl>\n<\/dd>\n<\/dl>\n<dl>\n<dd class=\"p-1 w-25 d-inline-block text-right m-0 border-bottom\">\n<dl>\n<dt class=\"pt-1 pr-1 pb-1 w-75 d-inline-block float-left font-weight-normal border-bottom\">\n<\/dt>\n<dl>\n<dd class=\"p-1 w-25 d-inline-block text-right m-0 border-bottom\"><\/dd>\n<\/dl>\n<\/dl>\n<\/dd>\n<\/dl>\n<dl>\n<dd>\n<dl>\n<dd class=\"p-1 w-25 d-inline-block text-right m-0 border-bottom\"><\/dd>\n<\/dl>\n<\/dd>\n<\/dl>\n<p>&nbsp;  SANKT JAKOBSTR 53 8004 Z\u00dcRICH +41433171787 Herkunft: Brasilien<\/p>\n","protected":false},"excerpt":{"rendered":"<p>&nbsp; SANKT JAKOBSTR 53 8004 Z\u00dcRICH +41433171787 Herkunft: Brasilien<\/p>\n","protected":false},"featured_media":29541,"template":"","meta":[],"product_brand":[],"product_cat":[],"product_tag":[],"class_list":{"0":"post-29539","1":"product","2":"type-product","3":"status-publish","4":"has-post-thumbnail","7":"first","8":"instock","9":"sale","10":"taxable","11":"shipping-taxable","12":"purchasable","13":"product-type-simple"},"_links":{"self":[{"href":"https:\/\/casabrasileira.ch\/de\/wp-json\/wp\/v2\/product\/29539","targetHints":{"allow":["GET"]}}],"collection":[{"href":"https:\/\/casabrasileira.ch\/de\/wp-json\/wp\/v2\/product"}],"about":[{"href":"https:\/\/casabrasileira.ch\/de\/wp-json\/wp\/v2\/types\/product"}],"version-history":[{"count":1,"href":"https:\/\/casabrasileira.ch\/de\/wp-json\/wp\/v2\/product\/29539\/revisions"}],"predecessor-version":[{"id":29542,"href":"https:\/\/casabrasileira.ch\/de\/wp-json\/wp\/v2\/product\/29539\/revisions\/29542"}],"wp:featuredmedia":[{"embeddable":true,"href":"https:\/\/casabrasileira.ch\/de\/wp-json\/wp\/v2\/media\/29541"}],"wp:attachment":[{"href":"https:\/\/casabrasileira.ch\/de\/wp-json\/wp\/v2\/media?parent=29539"}],"wp:term":[{"taxonomy":"product_brand","embeddable":true,"href":"https:\/\/casabrasileira.ch\/de\/wp-json\/wp\/v2\/product_brand?post=29539"},{"taxonomy":"product_cat","embeddable":true,"href":"https:\/\/casabrasileira.ch\/de\/wp-json\/wp\/v2\/product_cat?post=29539"},{"taxonomy":"product_tag","embeddable":true,"href":"https:\/\/casabrasileira.ch\/de\/wp-json\/wp\/v2\/product_tag?post=29539"}],"curies":[{"name":"wp","href":"https:\/\/api.w.org\/{rel}","templated":true}]}}