{"id":29107,"date":"2024-08-22T19:45:27","date_gmt":"2024-08-22T17:45:27","guid":{"rendered":"https:\/\/casabrasileira.ch\/?post_type=product&#038;p=29107"},"modified":"2024-08-23T20:25:02","modified_gmt":"2024-08-23T18:25:02","slug":"gomets-tutti-frutti-dori-unit-1und-copia","status":"publish","type":"product","link":"https:\/\/casabrasileira.ch\/de\/produkt\/gomets-tutti-frutti-dori-unit-1und-copia\/","title":{"rendered":"Aroma D&#8217;minas Jil\u00f3 in Dosen 500g &#8211; D&#8217;minas Jil\u00f3 Aroma 500g"},"content":{"rendered":"<dl class=\"mb-1 \">\n<dd>\n<dl>\n<dd class=\"p-1 w-25 d-inline-block text-right m-0 border-bottom\"><\/dd>\n<\/dl>\n<\/dd>\n<\/dl>\n<dl>\n<dd class=\"p-1 w-25 d-inline-block text-right m-0 border-bottom\">Produktbeschreibung: Aroma D&#8217;Minas Canned Jil\u00f3 ist eine k\u00f6stliche und vielseitige Option f\u00fcr alle, die nach einer neuen Erfahrung suchen. Hergestellt aus frischen und ausgew\u00e4hlten Jil\u00f3s, hat diese Konfit\u00fcre einen einzigartigen Geschmack und eine knusprige Textur, die Ihre Gerichte \u00fcberraschen wird. Probieren Sie es und genie\u00dfen Sie kultigen Genuss bei jedem Bissen!<\/dd>\n<\/dl>\n<p>  Casa Brasileira SANKT JAKOBSTR 53 8004 ZURICH +41433171787 Herkunft: Brasilien<\/p>\n","protected":false},"excerpt":{"rendered":"<p>Produktbeschreibung: Aroma D&#8217;Minas Canned Jil\u00f3 ist eine k\u00f6stliche und vielseitige Option f\u00fcr alle, die nach einer neuen Erfahrung suchen. Hergestellt<\/p>\n","protected":false},"featured_media":29109,"template":"","meta":[],"product_brand":[],"product_cat":[177],"product_tag":[],"class_list":{"0":"post-29107","1":"product","2":"type-product","3":"status-publish","4":"has-post-thumbnail","6":"product_cat-gewurze","8":"first","9":"instock","10":"taxable","11":"shipping-taxable","12":"purchasable","13":"product-type-simple"},"_links":{"self":[{"href":"https:\/\/casabrasileira.ch\/de\/wp-json\/wp\/v2\/product\/29107","targetHints":{"allow":["GET"]}}],"collection":[{"href":"https:\/\/casabrasileira.ch\/de\/wp-json\/wp\/v2\/product"}],"about":[{"href":"https:\/\/casabrasileira.ch\/de\/wp-json\/wp\/v2\/types\/product"}],"version-history":[{"count":3,"href":"https:\/\/casabrasileira.ch\/de\/wp-json\/wp\/v2\/product\/29107\/revisions"}],"predecessor-version":[{"id":29114,"href":"https:\/\/casabrasileira.ch\/de\/wp-json\/wp\/v2\/product\/29107\/revisions\/29114"}],"wp:featuredmedia":[{"embeddable":true,"href":"https:\/\/casabrasileira.ch\/de\/wp-json\/wp\/v2\/media\/29109"}],"wp:attachment":[{"href":"https:\/\/casabrasileira.ch\/de\/wp-json\/wp\/v2\/media?parent=29107"}],"wp:term":[{"taxonomy":"product_brand","embeddable":true,"href":"https:\/\/casabrasileira.ch\/de\/wp-json\/wp\/v2\/product_brand?post=29107"},{"taxonomy":"product_cat","embeddable":true,"href":"https:\/\/casabrasileira.ch\/de\/wp-json\/wp\/v2\/product_cat?post=29107"},{"taxonomy":"product_tag","embeddable":true,"href":"https:\/\/casabrasileira.ch\/de\/wp-json\/wp\/v2\/product_tag?post=29107"}],"curies":[{"name":"wp","href":"https:\/\/api.w.org\/{rel}","templated":true}]}}