{"id":28494,"date":"2024-08-21T00:38:08","date_gmt":"2024-08-20T22:38:08","guid":{"rendered":"https:\/\/casabrasileira.ch\/?post_type=product&#038;p=28494"},"modified":"2024-08-21T00:40:33","modified_gmt":"2024-08-20T22:40:33","slug":"yoki-geschalter-weiser-mais-canjica-branca-400g-copia","status":"publish","type":"product","link":"https:\/\/casabrasileira.ch\/de\/produkt\/yoki-geschalter-weiser-mais-canjica-branca-400g-copia\/","title":{"rendered":"PAN vorgekochtes wei\u00dfes Maismehl &#8211; Harina de Ma\u00edz Blanco precocida 1kg"},"content":{"rendered":"<div id=\"customfield-accordion-left\" class=\"accordion customfields left pl-3 pl-md-0 mb-3\">\n<dl class=\"mb-1 \">\n<dd>\n<dl>\n<dt class=\"pt-1 pr-1 pb-1 w-75 d-inline-block float-left font-weight-normal border-bottom\">\n<\/dt>\n<dl>\n<dd>\n<dl>\n<dd class=\"p-1 w-25 d-inline-block text-right m-0 border-bottom\">\n<dl>\n<dd>\n<dl>\n<dd class=\"p-1 w-25 d-inline-block text-right m-0 border-bottom\">\n<dl>\n<dd class=\"p-1 w-25 d-inline-block text-right m-0 border-bottom\">\n<h1 class=\"product-detail-name\">Zutaten: Weisses Maismehl (vorgekocht). KANN SPUREN VON SOJA ENTHALTEN<strong>.durchschnittlicher N\u00e4hrwert pro 100 g \/ ml<\/strong><\/h1>\n<dl>\n<dt class=\"pt-1 pr-1 pb-1 w-75 d-inline-block float-left font-weight-normal border-bottom\">Brennwert:<\/dt>\n<dd class=\"p-1 w-25 d-inline-block text-right m-0 border-bottom\">366 kcal<\/dd>\n<dt class=\"pt-1 pr-1 pb-1 w-75 d-inline-block float-left font-weight-normal border-bottom\">Brennwert:<\/dt>\n<dd class=\"p-1 w-25 d-inline-block text-right m-0 border-bottom\">1533 kj<\/dd>\n<dt class=\"pt-1 pr-1 pb-1 w-75 d-inline-block float-left font-weight-normal\">Fett:<\/dt>\n<dd class=\"p-1 w-25 d-inline-block text-right m-0\">1.89 g<\/dd>\n<dt class=\"pt-1 pr-1 pb-1 w-75 d-inline-block float-left font-weight-normal border-bottom\">&gt;  enth\u00e4lt ges\u00e4ttigte Fetts\u00e4uren:<\/dt>\n<dd class=\"p-1 w-25 d-inline-block text-right m-0 border-bottom\">0.38 g<\/dd>\n<dt class=\"pt-1 pr-1 pb-1 w-75 d-inline-block float-left font-weight-normal\">Kohlenhydrate:<\/dt>\n<dd class=\"p-1 w-25 d-inline-block text-right m-0\">80.7 g<\/dd>\n<dt class=\"pt-1 pr-1 pb-1 w-75 d-inline-block float-left font-weight-normal border-bottom\">Eiwei\u00df:<\/dt>\n<dd class=\"p-1 w-25 d-inline-block text-right m-0 border-bottom\">7.21 g<\/dd>\n<dt class=\"pt-1 pr-1 pb-1 w-75 d-inline-block float-left font-weight-normal border-bottom\">Salz:<\/dt>\n<dd class=\"p-1 w-25 d-inline-block text-right m-0 border-bottom\">20 g<\/dd>\n<\/dl>\n<\/dd>\n<\/dl>\n<\/dd>\n<\/dl>\n<\/dd>\n<\/dl>\n<\/dd>\n<\/dl>\n<\/dd>\n<\/dl>\n<\/dl>\n<\/dd>\n<\/dl>\n<\/div>\n<p>  DISTRIBUTOR -CASA BRASILEIRA GmbH SANKT JAKOBSTR 53 8004 ZURICH +41433171787 Herkunft: Brasilien<\/p>\n","protected":false},"excerpt":{"rendered":"<p>Zutaten: Weisses Maismehl (vorgekocht). KANN SPUREN VON SOJA ENTHALTEN.durchschnittlicher N\u00e4hrwert pro 100 g \/ ml Brennwert: 366 kcal Brennwert: 1533<\/p>\n","protected":false},"featured_media":28496,"template":"","meta":[],"product_brand":[],"product_cat":[137],"product_tag":[],"class_list":{"0":"post-28494","1":"product","2":"type-product","3":"status-publish","4":"has-post-thumbnail","6":"product_cat-mehle-und-mahlzeiten","8":"first","9":"instock","10":"taxable","11":"shipping-taxable","12":"purchasable","13":"product-type-simple"},"_links":{"self":[{"href":"https:\/\/casabrasileira.ch\/de\/wp-json\/wp\/v2\/product\/28494","targetHints":{"allow":["GET"]}}],"collection":[{"href":"https:\/\/casabrasileira.ch\/de\/wp-json\/wp\/v2\/product"}],"about":[{"href":"https:\/\/casabrasileira.ch\/de\/wp-json\/wp\/v2\/types\/product"}],"version-history":[{"count":2,"href":"https:\/\/casabrasileira.ch\/de\/wp-json\/wp\/v2\/product\/28494\/revisions"}],"predecessor-version":[{"id":28499,"href":"https:\/\/casabrasileira.ch\/de\/wp-json\/wp\/v2\/product\/28494\/revisions\/28499"}],"wp:featuredmedia":[{"embeddable":true,"href":"https:\/\/casabrasileira.ch\/de\/wp-json\/wp\/v2\/media\/28496"}],"wp:attachment":[{"href":"https:\/\/casabrasileira.ch\/de\/wp-json\/wp\/v2\/media?parent=28494"}],"wp:term":[{"taxonomy":"product_brand","embeddable":true,"href":"https:\/\/casabrasileira.ch\/de\/wp-json\/wp\/v2\/product_brand?post=28494"},{"taxonomy":"product_cat","embeddable":true,"href":"https:\/\/casabrasileira.ch\/de\/wp-json\/wp\/v2\/product_cat?post=28494"},{"taxonomy":"product_tag","embeddable":true,"href":"https:\/\/casabrasileira.ch\/de\/wp-json\/wp\/v2\/product_tag?post=28494"}],"curies":[{"name":"wp","href":"https:\/\/api.w.org\/{rel}","templated":true}]}}